{"id":109,"date":"2025-04-14T20:28:59","date_gmt":"2025-04-14T20:28:59","guid":{"rendered":"https:\/\/enirdelm.uniri.hr\/?page_id=109"},"modified":"2025-04-24T19:57:20","modified_gmt":"2025-04-24T19:57:20","slug":"program-committee","status":"publish","type":"page","link":"https:\/\/enirdelm.uniri.hr\/?page_id=109","title":{"rendered":"Program Committee"},"content":{"rendered":"\r\n<ul class=\"wp-block-list\">\r\n<li class=\"has-medium-font-size\"><span style=\"color: #e97132;\">Ana Mleku\u017e<\/span>, Educational Research Institute, Slovenia<\/li>\r\n\r\n\r\n\r\n<li class=\"has-medium-font-size\"><span style=\"color: #e97132;\">Eli Pijaca Plav\u0161i\u0107<\/span>, Edukateka, independent expert, Croatia<\/li>\r\n\r\n\r\n\r\n<li class=\"has-medium-font-size\"><span style=\"color: #e97132;\">Jasna Kova\u010devi\u0107<\/span>, School of Economics and Business in Sarajevo, University of Sarajevo, Bosnia and Herzegovina<\/li>\r\n\r\n\r\n\r\n<li class=\"has-medium-font-size\"><span style=\"color: #e97132;\">Lana Jurko<\/span>, Network of Education Policy Centers<\/li>\r\n\r\n\r\n\r\n<li class=\"has-medium-font-size\"><span style=\"color: #e97132;\">Mikael Risku<\/span>, Institute of Educational Leadership at University of Jyv\u00e4skyl\u00e4, Finland<\/li>\r\n\r\n\r\n\r\n<li class=\"has-medium-font-size\"><span style=\"color: #e97132;\">Monika Pa\u017eur<\/span>, Faculty of Teacher Education, University of Zagreb, Croatia<\/li>\r\n\r\n\r\n\r\n<li class=\"has-medium-font-size\"><span style=\"color: #e97132;\">Mualla Aksu<\/span>, Faculty of Education, Akdeniz University, Turkey<\/li>\r\n\r\n\r\n\r\n<li class=\"has-medium-font-size\"><span style=\"color: #e97132;\">Rasa Nedzinskait\u0117-Ma\u010di\u016bnien\u0117<\/span>, Vytautas Magnus University, Lithuania<\/li>\r\n\r\n\r\n\r\n<li class=\"has-medium-font-size\"><span style=\"color: #e97132;\">Roman Dorczak<\/span>, Jagiellonian University in Krakow, Poland<\/li>\r\n\r\n\r\n\r\n<li class=\"has-medium-font-size\"><span style=\"color: #e97132;\">Sanja Brajkovi\u0107<\/span>, Network of Education Policy Centers<\/li>\r\n\r\n\r\n\r\n<li class=\"has-medium-font-size\"><span style=\"color: #e97132;\">Snje\u017eana Dubovicki<\/span>, Faculty of Teacher Education, University of Josip Juraj Strossmayer in Osijek, Croatia<\/li>\r\n\r\n\r\n\r\n<li class=\"has-medium-font-size\"><span style=\"color: #e97132;\">Ulviya Mikailova<\/span>, ADA University, Azerbaijan<\/li>\r\n\r\n\r\n\r\n<li class=\"has-medium-font-size\"><span style=\"color: #e97132;\">Vesna Kova\u010d<\/span>, Faculty of Humanities and Social Sciences, University of Rijeka, Croatia<\/li>\r\n\r\n\r\n\r\n<li class=\"has-medium-font-size\"><span style=\"color: #e97132;\">Vlatka Domovi\u0107<\/span>, Faculty of Teacher Education, University of Zagreb, Croatia<\/li>\r\n<\/ul>\r\n","protected":false},"excerpt":{"rendered":"","protected":false},"author":2,"featured_media":14,"parent":0,"menu_order":0,"comment_status":"closed","ping_status":"closed","template":"","meta":{"footnotes":""},"class_list":["post-109","page","type-page","status-publish","has-post-thumbnail","hentry"],"_links":{"self":[{"href":"https:\/\/enirdelm.uniri.hr\/index.php?rest_route=\/wp\/v2\/pages\/109","targetHints":{"allow":["GET"]}}],"collection":[{"href":"https:\/\/enirdelm.uniri.hr\/index.php?rest_route=\/wp\/v2\/pages"}],"about":[{"href":"https:\/\/enirdelm.uniri.hr\/index.php?rest_route=\/wp\/v2\/types\/page"}],"author":[{"embeddable":true,"href":"https:\/\/enirdelm.uniri.hr\/index.php?rest_route=\/wp\/v2\/users\/2"}],"replies":[{"embeddable":true,"href":"https:\/\/enirdelm.uniri.hr\/index.php?rest_route=%2Fwp%2Fv2%2Fcomments&post=109"}],"version-history":[{"count":10,"href":"https:\/\/enirdelm.uniri.hr\/index.php?rest_route=\/wp\/v2\/pages\/109\/revisions"}],"predecessor-version":[{"id":233,"href":"https:\/\/enirdelm.uniri.hr\/index.php?rest_route=\/wp\/v2\/pages\/109\/revisions\/233"}],"wp:featuredmedia":[{"embeddable":true,"href":"https:\/\/enirdelm.uniri.hr\/index.php?rest_route=\/wp\/v2\/media\/14"}],"wp:attachment":[{"href":"https:\/\/enirdelm.uniri.hr\/index.php?rest_route=%2Fwp%2Fv2%2Fmedia&parent=109"}],"curies":[{"name":"wp","href":"https:\/\/api.w.org\/{rel}","templated":true}]}}